{"id":103,"date":"2022-06-13T11:40:13","date_gmt":"2022-06-13T11:40:13","guid":{"rendered":"https:\/\/sani-consult.de\/?page_id=103"},"modified":"2024-12-05T10:47:33","modified_gmt":"2024-12-05T10:47:33","slug":"wer-bin-ich-und-was-mache-ich","status":"publish","type":"page","link":"https:\/\/sani-consult.de\/","title":{"rendered":"Wer bin ich &#038; was mache ich?"},"content":{"rendered":"<div class=\"wp-block-image is-style-rounded wp-duotone-181313-ffffff-1\">\n<figure class=\"alignright size-medium\"><img loading=\"lazy\" decoding=\"async\" width=\"200\" height=\"300\" src=\"http:\/\/sani-consult.de\/wp-content\/uploads\/2024\/12\/sven-200x300.jpg\" alt=\"\" class=\"wp-image-266\" srcset=\"https:\/\/sani-consult.de\/wp-content\/uploads\/2024\/12\/sven-200x300.jpg 200w, https:\/\/sani-consult.de\/wp-content\/uploads\/2024\/12\/sven-683x1024.jpg 683w, https:\/\/sani-consult.de\/wp-content\/uploads\/2024\/12\/sven-768x1152.jpg 768w, https:\/\/sani-consult.de\/wp-content\/uploads\/2024\/12\/sven-1024x1536.jpg 1024w, https:\/\/sani-consult.de\/wp-content\/uploads\/2024\/12\/sven.jpg 1365w\" sizes=\"auto, (max-width: 200px) 100vw, 200px\" \/><figcaption>Sven Relling<\/figcaption><\/figure>\n<\/div>\n\n\n<p>Mein Name ist Sven Relling und ich bin Business-Consultant im Gesundheitswesen.<\/p>\n\n\n\n<p>Ich habe mich auf die Gesch\u00e4ftsprozesse von Sanit\u00e4tsh\u00e4usern und sonstigen Leistungserbringern spezialisiert.<\/p>\n\n\n\n<p><strong>Dazu z\u00e4hlen folgende Bereiche:<\/strong><br>Sanit\u00e4tsfachgesch\u00e4ft<br>Rehatechnik<br>Homecare (Inkontinenz, Stoma, Tracheo, Nahrung)<br>Orthop\u00e4die<br>Schuhorthop\u00e4die<br>Prothetik<br>Sauerstoff<\/p>\n\n\n\n<hr class=\"wp-block-separator has-alpha-channel-opacity is-style-wide\"\/>\n\n\n\n<p>In diesem Bereich bin ich als Quereinsteiger hineingeraten. Anfangs habe ich eine Ausbildung zum Kaufmann im Einzelhandel gemacht, 2 Semester Betriebswirtschaftslehre studiert und dann quer in die IT eines Sanit\u00e4tshauses gewechselt. Dort habe ich die Branchensoftware administriert und Digitalisierungsprojekte vorangetrieben.<\/p>\n\n\n\n<p>Anschlie\u00dfend habe ich den Betrieb gewechselt, um weitere Bereiche im Sanit\u00e4tskosmos kennenzulernen.<\/p>\n\n\n\n<p>Kurz darauf bin ich zum Softwarehersteller der Branchensoftware gewechselt. Nun hatte ich nicht mehr nur ein Sanit\u00e4tshaus zu betreuen, sondern &#8222;alle&#8220;. Als IT-Consultant habe ich Software in Betriebe eingef\u00fchrt, Coachings und Prozessanalysen durchgef\u00fchrt, als auch Handlungsempfehlungen ausgesprochen.<\/p>\n\n\n\n<p>Meine Art ist eher unkonventionell und ich bin eher der Typ &#8222;Punk&#8220; unter den Consultants. Den typischen &#8222;Anzugtr\u00e4ger&#8220; werden Sie bei mir nicht finden &#8211; daf\u00fcr &#8222;Skill &amp; Heart&#8220;.<\/p>\n\n\n\n<p>In den letzten Jahren sind die Anspr\u00fcche der Kunden (Leistungserbringer), als auch die digitalen und gesetzlichen Anforderungen stark gestiegen. Der gegenw\u00e4rtige Personalmangel und fehlendes Branchenwissen haben den Schwierigkeitsgrad, Projekte erfolgreich umzusetzen, massiv angehoben.<\/p>\n\n\n\n<p>Daraus ist Sani-Consult entstanden.<\/p>\n\n\n\n<hr class=\"wp-block-separator has-alpha-channel-opacity is-style-wide\"\/>\n\n\n\n<p>Ich betreue nun Firmen zum Thema Prozessanalyse\/-Optimierung, Projektf\u00fchrung, als auch Coachings, um nachhaltig selber erfolgreich Projekte umsetzen zu k\u00f6nnen. Ebenso biete ich Schulungen f\u00fcr die Branchensoftware acriba an.<\/p>\n\n\n\n<p>Gerne k\u00f6nnen Sie mich mobil oder via Mail erreichen.<\/p>\n\n\n\n<p>Klicken Sie dazu im rechten oberen Bildschirmrand auf die Kontaktsymbole.<\/p>\n\n\n\n<p>Sven Relling<\/p>\n\n\n\n<hr class=\"wp-block-separator has-alpha-channel-opacity is-style-wide\"\/>\n\n\n\n<figure class=\"wp-block-image size-full\"><img loading=\"lazy\" decoding=\"async\" width=\"142\" height=\"100\" src=\"http:\/\/sani-consult.de\/wp-content\/uploads\/2023\/03\/bafa-logo.jpg\" alt=\"\" class=\"wp-image-216\"\/><\/figure>\n\n\n\n<p>Sani-Consult ist f\u00f6rderf\u00e4hig \u00fcber die BAFA. Um die F\u00f6rderung in Anspruch zu nehmen und setzen Sie sich bitte mit der BAFA in Verbindung oder sprechen Sie Ihren Landesbeauftragten bzgl. digitaler F\u00f6rderprogramme an.<\/p>\n","protected":false},"excerpt":{"rendered":"<p>Mein Name ist Sven Relling und ich bin Business-Consultant im Gesundheitswesen. Ich habe mich auf die Gesch\u00e4ftsprozesse von Sanit\u00e4tsh\u00e4usern und sonstigen Leistungserbringern spezialisiert. Dazu z\u00e4hlen <a class=\"more-link\" href=\"https:\/\/sani-consult.de\/\">weiterlesen&#8230;<\/a><\/p>\n","protected":false},"author":1,"featured_media":244,"parent":0,"menu_order":0,"comment_status":"closed","ping_status":"closed","template":"","meta":{"footnotes":""},"class_list":["post-103","page","type-page","status-publish","has-post-thumbnail","hentry"],"yoast_head":"<!-- This site is optimized with the Yoast SEO plugin v20.4 - https:\/\/yoast.com\/wordpress\/plugins\/seo\/ -->\n<title>Wer bin ich &amp; was mache ich? - Sani-Consult<\/title>\n<meta name=\"description\" content=\"Mein Name ist Sven Relling und ich bin Business-Consultant im Gesundheitswesen. Ich habe mich auf die Gesch\u00e4ftsprozesse von Sanit\u00e4tsh\u00e4usern und sonstigen Leistungserbringern spezialisiert.\" \/>\n<meta name=\"robots\" content=\"index, follow, max-snippet:-1, max-image-preview:large, max-video-preview:-1\" \/>\n<link rel=\"canonical\" href=\"https:\/\/sani-consult.de\/\" \/>\n<meta property=\"og:locale\" content=\"de_DE\" \/>\n<meta property=\"og:type\" content=\"article\" \/>\n<meta property=\"og:title\" content=\"Wer bin ich &amp; was mache ich? - Sani-Consult\" \/>\n<meta property=\"og:description\" content=\"Mein Name ist Sven Relling und ich bin Business-Consultant im Gesundheitswesen. Ich habe mich auf die Gesch\u00e4ftsprozesse von Sanit\u00e4tsh\u00e4usern und sonstigen Leistungserbringern spezialisiert.\" \/>\n<meta property=\"og:url\" content=\"https:\/\/sani-consult.de\/\" \/>\n<meta property=\"og:site_name\" content=\"Sani-Consult\" \/>\n<meta property=\"article:modified_time\" content=\"2024-12-05T10:47:33+00:00\" \/>\n<meta property=\"og:image\" content=\"https:\/\/sani-consult.de\/wp-content\/uploads\/2023\/12\/wmi.png\" \/>\n\t<meta property=\"og:image:width\" content=\"1920\" \/>\n\t<meta property=\"og:image:height\" content=\"400\" \/>\n\t<meta property=\"og:image:type\" content=\"image\/png\" \/>\n<meta name=\"twitter:card\" content=\"summary_large_image\" \/>\n<meta name=\"twitter:label1\" content=\"Gesch\u00e4tzte Lesezeit\" \/>\n\t<meta name=\"twitter:data1\" content=\"2\u00a0Minuten\" \/>\n<script type=\"application\/ld+json\" class=\"yoast-schema-graph\">{\"@context\":\"https:\/\/schema.org\",\"@graph\":[{\"@type\":\"WebPage\",\"@id\":\"https:\/\/sani-consult.de\/\",\"url\":\"https:\/\/sani-consult.de\/\",\"name\":\"Wer bin ich & was mache ich? - Sani-Consult\",\"isPartOf\":{\"@id\":\"https:\/\/sani-consult.de\/#website\"},\"datePublished\":\"2022-06-13T11:40:13+00:00\",\"dateModified\":\"2024-12-05T10:47:33+00:00\",\"description\":\"Mein Name ist Sven Relling und ich bin Business-Consultant im Gesundheitswesen. Ich habe mich auf die Gesch\u00e4ftsprozesse von Sanit\u00e4tsh\u00e4usern und sonstigen Leistungserbringern spezialisiert.\",\"breadcrumb\":{\"@id\":\"https:\/\/sani-consult.de\/#breadcrumb\"},\"inLanguage\":\"de\",\"potentialAction\":[{\"@type\":\"ReadAction\",\"target\":[\"https:\/\/sani-consult.de\/\"]}]},{\"@type\":\"BreadcrumbList\",\"@id\":\"https:\/\/sani-consult.de\/#breadcrumb\",\"itemListElement\":[{\"@type\":\"ListItem\",\"position\":1,\"name\":\"Startseite\",\"item\":\"https:\/\/sani-consult.de\/\"},{\"@type\":\"ListItem\",\"position\":2,\"name\":\"Wer bin ich &#038; was mache ich?\"}]},{\"@type\":\"WebSite\",\"@id\":\"https:\/\/sani-consult.de\/#website\",\"url\":\"https:\/\/sani-consult.de\/\",\"name\":\"Sani-Consult - Prozessberatung f\u00fcr Sanit\u00e4tsh\u00e4user\",\"description\":\"Beratung und Prozessplanung f\u00fcr Leistungserbringer im Gesundheitswesen\",\"publisher\":{\"@id\":\"https:\/\/sani-consult.de\/#organization\"},\"alternateName\":\"-Consult\",\"potentialAction\":[{\"@type\":\"SearchAction\",\"target\":{\"@type\":\"EntryPoint\",\"urlTemplate\":\"https:\/\/sani-consult.de\/?s={search_term_string}\"},\"query-input\":\"required name=search_term_string\"}],\"inLanguage\":\"de\"},{\"@type\":\"Organization\",\"@id\":\"https:\/\/sani-consult.de\/#organization\",\"name\":\"Sani-Consult - Prozessberatung f\u00fcr Sanit\u00e4tsh\u00e4user\",\"url\":\"https:\/\/sani-consult.de\/\",\"logo\":{\"@type\":\"ImageObject\",\"inLanguage\":\"de\",\"@id\":\"https:\/\/sani-consult.de\/#\/schema\/logo\/image\/\",\"url\":\"https:\/\/sani-consult.de\/wp-content\/uploads\/2022\/06\/cropped-cropped-logo-sc-mail.png\",\"contentUrl\":\"https:\/\/sani-consult.de\/wp-content\/uploads\/2022\/06\/cropped-cropped-logo-sc-mail.png\",\"width\":124,\"height\":96,\"caption\":\"Sani-Consult - Prozessberatung f\u00fcr Sanit\u00e4tsh\u00e4user\"},\"image\":{\"@id\":\"https:\/\/sani-consult.de\/#\/schema\/logo\/image\/\"}}]}<\/script>\n<!-- \/ Yoast SEO plugin. -->","yoast_head_json":{"title":"Wer bin ich & was mache ich? - Sani-Consult","description":"Mein Name ist Sven Relling und ich bin Business-Consultant im Gesundheitswesen. Ich habe mich auf die Gesch\u00e4ftsprozesse von Sanit\u00e4tsh\u00e4usern und sonstigen Leistungserbringern spezialisiert.","robots":{"index":"index","follow":"follow","max-snippet":"max-snippet:-1","max-image-preview":"max-image-preview:large","max-video-preview":"max-video-preview:-1"},"canonical":"https:\/\/sani-consult.de\/","og_locale":"de_DE","og_type":"article","og_title":"Wer bin ich & was mache ich? - Sani-Consult","og_description":"Mein Name ist Sven Relling und ich bin Business-Consultant im Gesundheitswesen. Ich habe mich auf die Gesch\u00e4ftsprozesse von Sanit\u00e4tsh\u00e4usern und sonstigen Leistungserbringern spezialisiert.","og_url":"https:\/\/sani-consult.de\/","og_site_name":"Sani-Consult","article_modified_time":"2024-12-05T10:47:33+00:00","og_image":[{"width":1920,"height":400,"url":"https:\/\/sani-consult.de\/wp-content\/uploads\/2023\/12\/wmi.png","type":"image\/png"}],"twitter_card":"summary_large_image","twitter_misc":{"Gesch\u00e4tzte Lesezeit":"2\u00a0Minuten"},"schema":{"@context":"https:\/\/schema.org","@graph":[{"@type":"WebPage","@id":"https:\/\/sani-consult.de\/","url":"https:\/\/sani-consult.de\/","name":"Wer bin ich & was mache ich? - Sani-Consult","isPartOf":{"@id":"https:\/\/sani-consult.de\/#website"},"datePublished":"2022-06-13T11:40:13+00:00","dateModified":"2024-12-05T10:47:33+00:00","description":"Mein Name ist Sven Relling und ich bin Business-Consultant im Gesundheitswesen. Ich habe mich auf die Gesch\u00e4ftsprozesse von Sanit\u00e4tsh\u00e4usern und sonstigen Leistungserbringern spezialisiert.","breadcrumb":{"@id":"https:\/\/sani-consult.de\/#breadcrumb"},"inLanguage":"de","potentialAction":[{"@type":"ReadAction","target":["https:\/\/sani-consult.de\/"]}]},{"@type":"BreadcrumbList","@id":"https:\/\/sani-consult.de\/#breadcrumb","itemListElement":[{"@type":"ListItem","position":1,"name":"Startseite","item":"https:\/\/sani-consult.de\/"},{"@type":"ListItem","position":2,"name":"Wer bin ich &#038; was mache ich?"}]},{"@type":"WebSite","@id":"https:\/\/sani-consult.de\/#website","url":"https:\/\/sani-consult.de\/","name":"Sani-Consult - Prozessberatung f\u00fcr Sanit\u00e4tsh\u00e4user","description":"Beratung und Prozessplanung f\u00fcr Leistungserbringer im Gesundheitswesen","publisher":{"@id":"https:\/\/sani-consult.de\/#organization"},"alternateName":"-Consult","potentialAction":[{"@type":"SearchAction","target":{"@type":"EntryPoint","urlTemplate":"https:\/\/sani-consult.de\/?s={search_term_string}"},"query-input":"required name=search_term_string"}],"inLanguage":"de"},{"@type":"Organization","@id":"https:\/\/sani-consult.de\/#organization","name":"Sani-Consult - Prozessberatung f\u00fcr Sanit\u00e4tsh\u00e4user","url":"https:\/\/sani-consult.de\/","logo":{"@type":"ImageObject","inLanguage":"de","@id":"https:\/\/sani-consult.de\/#\/schema\/logo\/image\/","url":"https:\/\/sani-consult.de\/wp-content\/uploads\/2022\/06\/cropped-cropped-logo-sc-mail.png","contentUrl":"https:\/\/sani-consult.de\/wp-content\/uploads\/2022\/06\/cropped-cropped-logo-sc-mail.png","width":124,"height":96,"caption":"Sani-Consult - Prozessberatung f\u00fcr Sanit\u00e4tsh\u00e4user"},"image":{"@id":"https:\/\/sani-consult.de\/#\/schema\/logo\/image\/"}}]}},"_links":{"self":[{"href":"https:\/\/sani-consult.de\/index.php?rest_route=\/wp\/v2\/pages\/103","targetHints":{"allow":["GET"]}}],"collection":[{"href":"https:\/\/sani-consult.de\/index.php?rest_route=\/wp\/v2\/pages"}],"about":[{"href":"https:\/\/sani-consult.de\/index.php?rest_route=\/wp\/v2\/types\/page"}],"author":[{"embeddable":true,"href":"https:\/\/sani-consult.de\/index.php?rest_route=\/wp\/v2\/users\/1"}],"replies":[{"embeddable":true,"href":"https:\/\/sani-consult.de\/index.php?rest_route=%2Fwp%2Fv2%2Fcomments&post=103"}],"version-history":[{"count":9,"href":"https:\/\/sani-consult.de\/index.php?rest_route=\/wp\/v2\/pages\/103\/revisions"}],"predecessor-version":[{"id":270,"href":"https:\/\/sani-consult.de\/index.php?rest_route=\/wp\/v2\/pages\/103\/revisions\/270"}],"wp:featuredmedia":[{"embeddable":true,"href":"https:\/\/sani-consult.de\/index.php?rest_route=\/wp\/v2\/media\/244"}],"wp:attachment":[{"href":"https:\/\/sani-consult.de\/index.php?rest_route=%2Fwp%2Fv2%2Fmedia&parent=103"}],"curies":[{"name":"wp","href":"https:\/\/api.w.org\/{rel}","templated":true}]}}