{"id":56,"date":"2016-09-08T08:03:48","date_gmt":"2016-09-08T08:03:48","guid":{"rendered":"https:\/\/sani-consult.de\/?page_id=56"},"modified":"2023-12-18T08:46:22","modified_gmt":"2023-12-18T08:46:22","slug":"leistungsspektrum","status":"publish","type":"page","link":"https:\/\/sani-consult.de\/?page_id=56","title":{"rendered":"Leistungsspektrum"},"content":{"rendered":"\n<p>Der Markt wird h\u00e4rter, die Bedingungen der Krankenkassen komplexer und die Medizin moderner. Ein Zusammenspiel zwischen Mensch und EDV ist notwendig, um in diesem Markt bestehen zu k\u00f6nnen. Dazu geh\u00f6ren auch die richtigen Prozesse. Schnell wachsende Betriebe wachsen oft wirtschaftlich, kommen aber mit der Strukturierung nicht hinterher &#8211; dabei kann ich helfen. Ich biete eine beratende und aktive Mitarbeit an, welche folgende Bereiche abdeckt:<\/p>\n\n\n\n<ul class=\"wp-block-list\"><li>Prozessanalyse- und Schaffung<\/li><li>Dokumentation<\/li><li>Beratung in Organisation und Kommunikation<\/li><li>Schulung in der Branchensoftware acriba<\/li><li>Hilfe bei der Organisation und Einrichtung externer Programme in Bezug auf Schnittstellen (in Zusammenarbeit mit acriba oder carelogic)<\/li><li>Fragen zur Abrechnung (Direktabrechnung\/Abrechnung via Dienstleister)<\/li><li>Kl\u00e4rung Vertragswesen<\/li><li>Stammdatenpflege (unterst\u00fctzend)<\/li><\/ul>\n\n\n\n<blockquote class=\"wp-block-quote is-layout-flow wp-block-quote-is-layout-flow\"><p>Ich spreche die Dinge so an wie sind &#8211; es wird nichts besch\u00f6nigt, aber auch nichts dramatisiert. Consulting auf Augenh\u00f6he.<\/p><cite>Sven Relling<\/cite><\/blockquote>\n\n\n\n<p>Der Fokus liegt auf Standardisierung &#8211; in dieser Branche werden viele Bedingungen durch Krankenkassen und Genossenschaften vorausgestellt. Um hier zu bestehen schaffen wir zuerst einen roten Faden &#8211; weniger ist mehr. Spezialisierungen oder Sonderf\u00e4lle werden anschlie\u00dfend darauf aufgebaut.<\/p>\n\n\n\n<p>Sollten Sie Interesse haben,  oder schreiben Sie eine Mail an:<strong> buero@sani-consult.de<\/strong><\/p>\n","protected":false},"excerpt":{"rendered":"<p>Der Markt wird h\u00e4rter, die Bedingungen der Krankenkassen komplexer und die Medizin moderner. Ein Zusammenspiel zwischen Mensch und EDV ist notwendig, um in diesem Markt <a class=\"more-link\" href=\"https:\/\/sani-consult.de\/?page_id=56\">weiterlesen&#8230;<\/a><\/p>\n","protected":false},"author":1,"featured_media":243,"parent":0,"menu_order":0,"comment_status":"closed","ping_status":"closed","template":"","meta":{"footnotes":""},"class_list":["post-56","page","type-page","status-publish","has-post-thumbnail","hentry"],"yoast_head":"<!-- This site is optimized with the Yoast SEO plugin v20.4 - https:\/\/yoast.com\/wordpress\/plugins\/seo\/ -->\n<title>Leistungsspektrum - Sani-Consult<\/title>\n<meta name=\"description\" content=\"Leistungsbeschreibung: Prozessanalyse- und Schaffung; Dokumentation; Beratung in Organisation und Kommunikation; Schulung in der Branchensoftware acriba; Hilfe bei der Organisation und Einrichtung externer Programme in Bezug auf Schnittstellen (in Zusammenarbeit mit acriba oder carelogic); Fragen zur Abrechnung (Direktabrechnung\/Abrechnung via Dienstleister); Kl\u00e4rung Vertragswesen; Stammdatenpflege (unterst\u00fctzend)\" \/>\n<meta name=\"robots\" content=\"index, follow, max-snippet:-1, max-image-preview:large, max-video-preview:-1\" \/>\n<link rel=\"canonical\" href=\"https:\/\/sani-consult.de\/?page_id=56\" \/>\n<meta property=\"og:locale\" content=\"de_DE\" \/>\n<meta property=\"og:type\" content=\"article\" \/>\n<meta property=\"og:title\" content=\"Leistungsspektrum - Sani-Consult\" \/>\n<meta property=\"og:description\" content=\"Leistungsbeschreibung: Prozessanalyse- und Schaffung; Dokumentation; Beratung in Organisation und Kommunikation; Schulung in der Branchensoftware acriba; Hilfe bei der Organisation und Einrichtung externer Programme in Bezug auf Schnittstellen (in Zusammenarbeit mit acriba oder carelogic); Fragen zur Abrechnung (Direktabrechnung\/Abrechnung via Dienstleister); Kl\u00e4rung Vertragswesen; Stammdatenpflege (unterst\u00fctzend)\" \/>\n<meta property=\"og:url\" content=\"https:\/\/sani-consult.de\/?page_id=56\" \/>\n<meta property=\"og:site_name\" content=\"Sani-Consult\" \/>\n<meta property=\"article:modified_time\" content=\"2023-12-18T08:46:22+00:00\" \/>\n<meta property=\"og:image\" content=\"https:\/\/sani-consult.de\/wp-content\/uploads\/2023\/12\/Leistungsspektrum-HP.png\" \/>\n\t<meta property=\"og:image:width\" content=\"1920\" \/>\n\t<meta property=\"og:image:height\" content=\"400\" \/>\n\t<meta property=\"og:image:type\" content=\"image\/png\" \/>\n<meta name=\"twitter:card\" content=\"summary_large_image\" \/>\n<meta name=\"twitter:label1\" content=\"Gesch\u00e4tzte Lesezeit\" \/>\n\t<meta name=\"twitter:data1\" content=\"1\u00a0Minute\" \/>\n<script type=\"application\/ld+json\" class=\"yoast-schema-graph\">{\"@context\":\"https:\/\/schema.org\",\"@graph\":[{\"@type\":\"WebPage\",\"@id\":\"https:\/\/sani-consult.de\/?page_id=56\",\"url\":\"https:\/\/sani-consult.de\/?page_id=56\",\"name\":\"Leistungsspektrum - Sani-Consult\",\"isPartOf\":{\"@id\":\"https:\/\/sani-consult.de\/#website\"},\"datePublished\":\"2016-09-08T08:03:48+00:00\",\"dateModified\":\"2023-12-18T08:46:22+00:00\",\"description\":\"Leistungsbeschreibung: Prozessanalyse- und Schaffung; Dokumentation; Beratung in Organisation und Kommunikation; Schulung in der Branchensoftware acriba; Hilfe bei der Organisation und Einrichtung externer Programme in Bezug auf Schnittstellen (in Zusammenarbeit mit acriba oder carelogic); Fragen zur Abrechnung (Direktabrechnung\/Abrechnung via Dienstleister); Kl\u00e4rung Vertragswesen; Stammdatenpflege (unterst\u00fctzend)\",\"breadcrumb\":{\"@id\":\"https:\/\/sani-consult.de\/?page_id=56#breadcrumb\"},\"inLanguage\":\"de\",\"potentialAction\":[{\"@type\":\"ReadAction\",\"target\":[\"https:\/\/sani-consult.de\/?page_id=56\"]}]},{\"@type\":\"BreadcrumbList\",\"@id\":\"https:\/\/sani-consult.de\/?page_id=56#breadcrumb\",\"itemListElement\":[{\"@type\":\"ListItem\",\"position\":1,\"name\":\"Startseite\",\"item\":\"https:\/\/sani-consult.de\/\"},{\"@type\":\"ListItem\",\"position\":2,\"name\":\"Leistungsspektrum\"}]},{\"@type\":\"WebSite\",\"@id\":\"https:\/\/sani-consult.de\/#website\",\"url\":\"https:\/\/sani-consult.de\/\",\"name\":\"Sani-Consult - Prozessberatung f\u00fcr Sanit\u00e4tsh\u00e4user\",\"description\":\"Beratung und Prozessplanung f\u00fcr Leistungserbringer im Gesundheitswesen\",\"publisher\":{\"@id\":\"https:\/\/sani-consult.de\/#organization\"},\"alternateName\":\"-Consult\",\"potentialAction\":[{\"@type\":\"SearchAction\",\"target\":{\"@type\":\"EntryPoint\",\"urlTemplate\":\"https:\/\/sani-consult.de\/?s={search_term_string}\"},\"query-input\":\"required name=search_term_string\"}],\"inLanguage\":\"de\"},{\"@type\":\"Organization\",\"@id\":\"https:\/\/sani-consult.de\/#organization\",\"name\":\"Sani-Consult - Prozessberatung f\u00fcr Sanit\u00e4tsh\u00e4user\",\"url\":\"https:\/\/sani-consult.de\/\",\"logo\":{\"@type\":\"ImageObject\",\"inLanguage\":\"de\",\"@id\":\"https:\/\/sani-consult.de\/#\/schema\/logo\/image\/\",\"url\":\"https:\/\/sani-consult.de\/wp-content\/uploads\/2022\/06\/cropped-cropped-logo-sc-mail.png\",\"contentUrl\":\"https:\/\/sani-consult.de\/wp-content\/uploads\/2022\/06\/cropped-cropped-logo-sc-mail.png\",\"width\":124,\"height\":96,\"caption\":\"Sani-Consult - Prozessberatung f\u00fcr Sanit\u00e4tsh\u00e4user\"},\"image\":{\"@id\":\"https:\/\/sani-consult.de\/#\/schema\/logo\/image\/\"}}]}<\/script>\n<!-- \/ Yoast SEO plugin. -->","yoast_head_json":{"title":"Leistungsspektrum - Sani-Consult","description":"Leistungsbeschreibung: Prozessanalyse- und Schaffung; Dokumentation; Beratung in Organisation und Kommunikation; Schulung in der Branchensoftware acriba; Hilfe bei der Organisation und Einrichtung externer Programme in Bezug auf Schnittstellen (in Zusammenarbeit mit acriba oder carelogic); Fragen zur Abrechnung (Direktabrechnung\/Abrechnung via Dienstleister); Kl\u00e4rung Vertragswesen; Stammdatenpflege (unterst\u00fctzend)","robots":{"index":"index","follow":"follow","max-snippet":"max-snippet:-1","max-image-preview":"max-image-preview:large","max-video-preview":"max-video-preview:-1"},"canonical":"https:\/\/sani-consult.de\/?page_id=56","og_locale":"de_DE","og_type":"article","og_title":"Leistungsspektrum - Sani-Consult","og_description":"Leistungsbeschreibung: Prozessanalyse- und Schaffung; Dokumentation; Beratung in Organisation und Kommunikation; Schulung in der Branchensoftware acriba; Hilfe bei der Organisation und Einrichtung externer Programme in Bezug auf Schnittstellen (in Zusammenarbeit mit acriba oder carelogic); Fragen zur Abrechnung (Direktabrechnung\/Abrechnung via Dienstleister); Kl\u00e4rung Vertragswesen; Stammdatenpflege (unterst\u00fctzend)","og_url":"https:\/\/sani-consult.de\/?page_id=56","og_site_name":"Sani-Consult","article_modified_time":"2023-12-18T08:46:22+00:00","og_image":[{"width":1920,"height":400,"url":"https:\/\/sani-consult.de\/wp-content\/uploads\/2023\/12\/Leistungsspektrum-HP.png","type":"image\/png"}],"twitter_card":"summary_large_image","twitter_misc":{"Gesch\u00e4tzte Lesezeit":"1\u00a0Minute"},"schema":{"@context":"https:\/\/schema.org","@graph":[{"@type":"WebPage","@id":"https:\/\/sani-consult.de\/?page_id=56","url":"https:\/\/sani-consult.de\/?page_id=56","name":"Leistungsspektrum - Sani-Consult","isPartOf":{"@id":"https:\/\/sani-consult.de\/#website"},"datePublished":"2016-09-08T08:03:48+00:00","dateModified":"2023-12-18T08:46:22+00:00","description":"Leistungsbeschreibung: Prozessanalyse- und Schaffung; Dokumentation; Beratung in Organisation und Kommunikation; Schulung in der Branchensoftware acriba; Hilfe bei der Organisation und Einrichtung externer Programme in Bezug auf Schnittstellen (in Zusammenarbeit mit acriba oder carelogic); Fragen zur Abrechnung (Direktabrechnung\/Abrechnung via Dienstleister); Kl\u00e4rung Vertragswesen; Stammdatenpflege (unterst\u00fctzend)","breadcrumb":{"@id":"https:\/\/sani-consult.de\/?page_id=56#breadcrumb"},"inLanguage":"de","potentialAction":[{"@type":"ReadAction","target":["https:\/\/sani-consult.de\/?page_id=56"]}]},{"@type":"BreadcrumbList","@id":"https:\/\/sani-consult.de\/?page_id=56#breadcrumb","itemListElement":[{"@type":"ListItem","position":1,"name":"Startseite","item":"https:\/\/sani-consult.de\/"},{"@type":"ListItem","position":2,"name":"Leistungsspektrum"}]},{"@type":"WebSite","@id":"https:\/\/sani-consult.de\/#website","url":"https:\/\/sani-consult.de\/","name":"Sani-Consult - Prozessberatung f\u00fcr Sanit\u00e4tsh\u00e4user","description":"Beratung und Prozessplanung f\u00fcr Leistungserbringer im Gesundheitswesen","publisher":{"@id":"https:\/\/sani-consult.de\/#organization"},"alternateName":"-Consult","potentialAction":[{"@type":"SearchAction","target":{"@type":"EntryPoint","urlTemplate":"https:\/\/sani-consult.de\/?s={search_term_string}"},"query-input":"required name=search_term_string"}],"inLanguage":"de"},{"@type":"Organization","@id":"https:\/\/sani-consult.de\/#organization","name":"Sani-Consult - Prozessberatung f\u00fcr Sanit\u00e4tsh\u00e4user","url":"https:\/\/sani-consult.de\/","logo":{"@type":"ImageObject","inLanguage":"de","@id":"https:\/\/sani-consult.de\/#\/schema\/logo\/image\/","url":"https:\/\/sani-consult.de\/wp-content\/uploads\/2022\/06\/cropped-cropped-logo-sc-mail.png","contentUrl":"https:\/\/sani-consult.de\/wp-content\/uploads\/2022\/06\/cropped-cropped-logo-sc-mail.png","width":124,"height":96,"caption":"Sani-Consult - Prozessberatung f\u00fcr Sanit\u00e4tsh\u00e4user"},"image":{"@id":"https:\/\/sani-consult.de\/#\/schema\/logo\/image\/"}}]}},"_links":{"self":[{"href":"https:\/\/sani-consult.de\/index.php?rest_route=\/wp\/v2\/pages\/56","targetHints":{"allow":["GET"]}}],"collection":[{"href":"https:\/\/sani-consult.de\/index.php?rest_route=\/wp\/v2\/pages"}],"about":[{"href":"https:\/\/sani-consult.de\/index.php?rest_route=\/wp\/v2\/types\/page"}],"author":[{"embeddable":true,"href":"https:\/\/sani-consult.de\/index.php?rest_route=\/wp\/v2\/users\/1"}],"replies":[{"embeddable":true,"href":"https:\/\/sani-consult.de\/index.php?rest_route=%2Fwp%2Fv2%2Fcomments&post=56"}],"version-history":[{"count":4,"href":"https:\/\/sani-consult.de\/index.php?rest_route=\/wp\/v2\/pages\/56\/revisions"}],"predecessor-version":[{"id":163,"href":"https:\/\/sani-consult.de\/index.php?rest_route=\/wp\/v2\/pages\/56\/revisions\/163"}],"wp:featuredmedia":[{"embeddable":true,"href":"https:\/\/sani-consult.de\/index.php?rest_route=\/wp\/v2\/media\/243"}],"wp:attachment":[{"href":"https:\/\/sani-consult.de\/index.php?rest_route=%2Fwp%2Fv2%2Fmedia&parent=56"}],"curies":[{"name":"wp","href":"https:\/\/api.w.org\/{rel}","templated":true}]}}